{"id":781,"date":"2024-07-08T11:51:48","date_gmt":"2024-07-08T11:51:48","guid":{"rendered":"https:\/\/carpathiacenter.ro\/?page_id=781"},"modified":"2024-07-08T12:05:34","modified_gmt":"2024-07-08T12:05:34","slug":"politica-de-confidentialitate","status":"publish","type":"page","link":"https:\/\/carpathiacenter.ro\/en\/politica-de-confidentialitate\/","title":{"rendered":"Privacy Policy"},"content":{"rendered":"<h1>Privacy Policy<\/h1>\n<h3>1. Ce sunt datele cu caracter personal?<\/h3>\n<p>Conform GDPR, \u201edatele cu caracter personal\u201d reprezint\u0103 orice informa\u021bie privind o persoan\u0103 fizic\u0103 identificat\u0103 sau identificabil\u0103 (\u201epersoana vizat\u0103\u201d). Aceasta poate fi identificat\u0103 direct sau indirect prin elemente de identificare precum:<br \/>\n&#8211; Nume<br \/>\n&#8211; Num\u0103r de identificare<br \/>\n&#8211; Date de localizare<br \/>\n&#8211; Identificator online<br \/>\n&#8211; Caracteristici fizice, fiziologice, genetice, psihice, economice, culturale sau social<\/p>\n<p><strong>Exemple de date cu caracter personal:<\/strong><br \/>\n&#8211; Nume<br \/>\n&#8211; Domiciliu sau re\u0219edin\u021b\u0103<br \/>\n&#8211; Adresa de e-mail<br \/>\n&#8211; Num\u0103r de buletin, pa\u0219aport sau carte de identitate<br \/>\n&#8211; Date de localizare (ex. func\u021bia de localizare de pe un telefon mobil)<br \/>\n&#8211; Adresa IP<br \/>\n&#8211; ID de cookie<br \/>\n&#8211; Silueta din \u00eenregistr\u0103rile CCTV<br \/>\n&#8211; Num\u0103r de \u00eenmatriculare al unei ma\u0219ini<\/p>\n<h3>2. Informa\u021biile pe care le colect\u0103m<\/h3>\n<p>Pe site-ul nostru, https:\/\/carpathiacenter.ro\/, colect\u0103m date prin diverse formulare de comand\u0103, comentarii la articole, crearea de conturi, contact \u0219i abonamente la newsletter. Iat\u0103 ce tipuri de date colect\u0103m \u0219i cum le utiliz\u0103m:<\/p>\n<p><strong>Comenzi<\/strong><br \/>\n&#8211; Istoric comenzi, urm\u0103rire comenzi<\/p>\n<p><strong>Rela\u021bii cu clien\u021bii<\/strong><br \/>\n&#8211; Motivele contact\u0103rii serviciului de clien\u021bi<br \/>\n&#8211; Probleme legate de comenzi<br \/>\n&#8211; Comunic\u0103ri stocate pentru \u00eembun\u0103t\u0103\u021birea serviciilor<\/p>\n<p><strong>Date cu caracter personal<\/strong><br \/>\n&#8211; Date de comunicare<br \/>\n&#8211; Alte informa\u021bii necesare pentru \u00eendeplinirea contractului<\/p>\n<p><strong>Procesul de primire \u0219i livrare a comenzilor<\/strong><br \/>\n&#8211; Date de comunicare<br \/>\n&#8211; Informa\u021bii despre dispozitiv<br \/>\n&#8211; Informa\u021bii despre comanda<\/p>\n<p><strong>Date de facturare\/firma<\/strong><br \/>\n&#8211; Datele companiei asociate (C.N.P., C.U.I., adresa sediului, contul bancar, etc.)<\/p>\n<p><strong>Date despre browser\/IP\/dispozitiv<\/strong><br \/>\n&#8211; Detalii despre browser, adres\u0103 IP, model hardware, versiune sistem de operare, identificatori unici ai dispozitivului<\/p>\n<p><strong>Alte tehnologii utilizate:<\/strong><br \/>\n&#8211; Memoria cache pentru datele aplica\u021biilor<br \/>\n&#8211; Stocarea datelor de pe web prin browser<br \/>\n&#8211; Cookie-urile \u0219i tehnologii similare<br \/>\n&#8211; Dispozitive (computere, tablete, smartphone-uri)<br \/>\n&#8211; Antetul HTTP surs\u0103<br \/>\n&#8211; Informa\u021bii care nu sunt de identificare personal\u0103<br \/>\n&#8211; Informa\u021bii personale delicate<br \/>\n&#8211; Jurnale de server<\/p>\n<p><strong>Sumar<\/strong><br \/>\nNu e\u0219ti obligat s\u0103 ne furnizezi datele tale, \u00eens\u0103 lipsa acestora poate limita func\u021bionarea site-ului \u0219i colaborarea cu noi.<\/p>\n<h3>3. C\u0103tre cine se transfer\u0103 aceste informa\u021biiDatele personale sunt dezv\u0103luite doar pentru scopurile specificate \u0219i c\u0103tre ter\u021bele p\u0103r\u021bi listate, cum ar fi:<\/h3>\n<p>&#8211; Companii care ne furnizeaz\u0103 produse \u0219i servicii (ex. agen\u021bii media, furnizori de servicii IT)<br \/>\n&#8211; Autorit\u0103\u021bi \u0219i institu\u021bii publice, contabili, auditori, avoca\u021bi<br \/>\n&#8211; \u00cen cazul unei fuziuni sau achizi\u021bii, datele vor fi transferate conform reglement\u0103rilor legale<\/p>\n<p><strong>Restric\u021bii cu privire la utilizarea informa\u021biilor de c\u0103tre ter\u021bi<\/strong><br \/>\nTer\u021bele p\u0103r\u021bi c\u0103tre care dezv\u0103luim informa\u021biile personale sunt limitate prin lege \u0219i contract \u00een utilizarea datelor doar \u00een scopurile specificate.<\/p>\n<h3><strong>\u00a04. Drepturile tale<\/strong><\/h3>\n<p>Ca utilizator al site-ului nostru, ai urm\u0103toarele drepturi:<br \/>\n&#8211; Dreptul de a fi informat<br \/>\n&#8211; Dreptul de acces<br \/>\n&#8211; Dreptul de rectificare<br \/>\n&#8211; Dreptul de \u0219tergere<br \/>\n&#8211; Dreptul de a opri trimiterea de mesaje de marketing<br \/>\n&#8211; Dreptul de portabilitate<br \/>\n&#8211; Dreptul de a depune o pl\u00e2ngere<br \/>\n&#8211; Dreptul de a-\u021bi retrage acordul<\/p>\n<h3><strong>\u00a05. Informa\u021bii de contact<\/strong><\/h3>\n<p>Pentru \u00eentreb\u0103ri legate de protec\u021bia datelor \u0219i exercitarea drepturilor tale, ne po\u021bi contacta la [office@carpathiacenter.ro]. Dac\u0103 nu e\u0219ti mul\u021bumit de r\u0103spunsul nostru, po\u021bi face o pl\u00e2ngere la Autoritatea Na\u021bional\u0103 de Supraveghere a Prelucr\u0103rii Datelor cu Caracter Personal (http:\/\/dataprotection.ro\/?page=procedura_de_solutionare_a_plangerilor).<\/p>","protected":false},"excerpt":{"rendered":"<p>Politic\u0103 de Confiden\u021bialitate 1. Ce sunt datele cu caracter personal? Conform GDPR, \u201edatele cu caracter personal\u201d reprezint\u0103 orice informa\u021bie privind o persoan\u0103 fizic\u0103 identificat\u0103 sau identificabil\u0103 (\u201epersoana vizat\u0103\u201d). Aceasta poate fi identificat\u0103 direct sau indirect prin elemente de identificare precum: &#8211; Nume &#8211; Num\u0103r de identificare &#8211; Date de localizare &#8211; Identificator online &#8211; Caracteristici&#8230;<\/p>","protected":false},"author":4,"featured_media":0,"parent":0,"menu_order":0,"comment_status":"closed","ping_status":"closed","template":"","meta":{"footnotes":""},"class_list":["post-781","page","type-page","status-publish","hentry"],"yoast_head":"<!-- This site is optimized with the Yoast SEO plugin v26.1.1 - https:\/\/yoast.com\/wordpress\/plugins\/seo\/ -->\n<title>Politic\u0103 de Confiden\u021bialitate - Carpathia Center Romania<\/title>\n<meta name=\"robots\" content=\"index, follow, max-snippet:-1, max-image-preview:large, max-video-preview:-1\" \/>\n<link rel=\"canonical\" href=\"https:\/\/carpathiacenter.ro\/en\/politica-de-confidentialitate\/\" \/>\n<meta property=\"og:locale\" content=\"en_GB\" \/>\n<meta property=\"og:type\" content=\"article\" \/>\n<meta property=\"og:title\" content=\"Politic\u0103 de Confiden\u021bialitate - Carpathia Center Romania\" \/>\n<meta property=\"og:description\" content=\"Politic\u0103 de Confiden\u021bialitate 1. Ce sunt datele cu caracter personal? Conform GDPR, \u201edatele cu caracter personal\u201d reprezint\u0103 orice informa\u021bie privind o persoan\u0103 fizic\u0103 identificat\u0103 sau identificabil\u0103 (\u201epersoana vizat\u0103\u201d). Aceasta poate fi identificat\u0103 direct sau indirect prin elemente de identificare precum: &#8211; Nume &#8211; Num\u0103r de identificare &#8211; Date de localizare &#8211; Identificator online &#8211; Caracteristici...\" \/>\n<meta property=\"og:url\" content=\"https:\/\/carpathiacenter.ro\/en\/politica-de-confidentialitate\/\" \/>\n<meta property=\"og:site_name\" content=\"Carpathia Center Romania\" \/>\n<meta property=\"article:publisher\" content=\"https:\/\/www.facebook.com\/fdpscarpathia\/\" \/>\n<meta property=\"article:modified_time\" content=\"2024-07-08T12:05:34+00:00\" \/>\n<meta name=\"twitter:card\" content=\"summary_large_image\" \/>\n<meta name=\"twitter:label1\" content=\"Estimated reading time\" \/>\n\t<meta name=\"twitter:data1\" content=\"3 minutes\" \/>\n<script type=\"application\/ld+json\" class=\"yoast-schema-graph\">{\"@context\":\"https:\/\/schema.org\",\"@graph\":[{\"@type\":\"WebPage\",\"@id\":\"https:\/\/carpathiacenter.ro\/politica-de-confidentialitate\/\",\"url\":\"https:\/\/carpathiacenter.ro\/politica-de-confidentialitate\/\",\"name\":\"Politic\u0103 de Confiden\u021bialitate - Carpathia Center Romania\",\"isPartOf\":{\"@id\":\"https:\/\/carpathiacenter.ro\/#website\"},\"datePublished\":\"2024-07-08T11:51:48+00:00\",\"dateModified\":\"2024-07-08T12:05:34+00:00\",\"breadcrumb\":{\"@id\":\"https:\/\/carpathiacenter.ro\/politica-de-confidentialitate\/#breadcrumb\"},\"inLanguage\":\"en-GB\",\"potentialAction\":[{\"@type\":\"ReadAction\",\"target\":[\"https:\/\/carpathiacenter.ro\/politica-de-confidentialitate\/\"]}]},{\"@type\":\"BreadcrumbList\",\"@id\":\"https:\/\/carpathiacenter.ro\/politica-de-confidentialitate\/#breadcrumb\",\"itemListElement\":[{\"@type\":\"ListItem\",\"position\":1,\"name\":\"Prima pagin\u0103\",\"item\":\"https:\/\/carpathiacenter.ro\/\"},{\"@type\":\"ListItem\",\"position\":2,\"name\":\"Politic\u0103 de Confiden\u021bialitate\"}]},{\"@type\":\"WebSite\",\"@id\":\"https:\/\/carpathiacenter.ro\/#website\",\"url\":\"https:\/\/carpathiacenter.ro\/\",\"name\":\"Carpathia Center Romania\",\"description\":\"Impossible made possible!\",\"publisher\":{\"@id\":\"https:\/\/carpathiacenter.ro\/#organization\"},\"potentialAction\":[{\"@type\":\"SearchAction\",\"target\":{\"@type\":\"EntryPoint\",\"urlTemplate\":\"https:\/\/carpathiacenter.ro\/?s={search_term_string}\"},\"query-input\":{\"@type\":\"PropertyValueSpecification\",\"valueRequired\":true,\"valueName\":\"search_term_string\"}}],\"inLanguage\":\"en-GB\"},{\"@type\":\"Organization\",\"@id\":\"https:\/\/carpathiacenter.ro\/#organization\",\"name\":\"Carpathia Center Romania\",\"url\":\"https:\/\/carpathiacenter.ro\/\",\"logo\":{\"@type\":\"ImageObject\",\"inLanguage\":\"en-GB\",\"@id\":\"https:\/\/carpathiacenter.ro\/#\/schema\/logo\/image\/\",\"url\":\"https:\/\/carpathiacenter.ro\/wp-content\/uploads\/2024\/07\/logo-carpathia_bg_white-1024x941.png\",\"contentUrl\":\"https:\/\/carpathiacenter.ro\/wp-content\/uploads\/2024\/07\/logo-carpathia_bg_white-1024x941.png\",\"width\":1024,\"height\":941,\"caption\":\"Carpathia Center Romania\"},\"image\":{\"@id\":\"https:\/\/carpathiacenter.ro\/#\/schema\/logo\/image\/\"},\"sameAs\":[\"https:\/\/www.facebook.com\/fdpscarpathia\/\"]}]}<\/script>\n<!-- \/ Yoast SEO plugin. -->","yoast_head_json":{"title":"Politic\u0103 de Confiden\u021bialitate - Carpathia Center Romania","robots":{"index":"index","follow":"follow","max-snippet":"max-snippet:-1","max-image-preview":"max-image-preview:large","max-video-preview":"max-video-preview:-1"},"canonical":"https:\/\/carpathiacenter.ro\/en\/politica-de-confidentialitate\/","og_locale":"en_GB","og_type":"article","og_title":"Politic\u0103 de Confiden\u021bialitate - Carpathia Center Romania","og_description":"Politic\u0103 de Confiden\u021bialitate 1. Ce sunt datele cu caracter personal? Conform GDPR, \u201edatele cu caracter personal\u201d reprezint\u0103 orice informa\u021bie privind o persoan\u0103 fizic\u0103 identificat\u0103 sau identificabil\u0103 (\u201epersoana vizat\u0103\u201d). Aceasta poate fi identificat\u0103 direct sau indirect prin elemente de identificare precum: &#8211; Nume &#8211; Num\u0103r de identificare &#8211; Date de localizare &#8211; Identificator online &#8211; Caracteristici...","og_url":"https:\/\/carpathiacenter.ro\/en\/politica-de-confidentialitate\/","og_site_name":"Carpathia Center Romania","article_publisher":"https:\/\/www.facebook.com\/fdpscarpathia\/","article_modified_time":"2024-07-08T12:05:34+00:00","twitter_card":"summary_large_image","twitter_misc":{"Estimated reading time":"3 minutes"},"schema":{"@context":"https:\/\/schema.org","@graph":[{"@type":"WebPage","@id":"https:\/\/carpathiacenter.ro\/politica-de-confidentialitate\/","url":"https:\/\/carpathiacenter.ro\/politica-de-confidentialitate\/","name":"Politic\u0103 de Confiden\u021bialitate - Carpathia Center Romania","isPartOf":{"@id":"https:\/\/carpathiacenter.ro\/#website"},"datePublished":"2024-07-08T11:51:48+00:00","dateModified":"2024-07-08T12:05:34+00:00","breadcrumb":{"@id":"https:\/\/carpathiacenter.ro\/politica-de-confidentialitate\/#breadcrumb"},"inLanguage":"en-GB","potentialAction":[{"@type":"ReadAction","target":["https:\/\/carpathiacenter.ro\/politica-de-confidentialitate\/"]}]},{"@type":"BreadcrumbList","@id":"https:\/\/carpathiacenter.ro\/politica-de-confidentialitate\/#breadcrumb","itemListElement":[{"@type":"ListItem","position":1,"name":"Prima pagin\u0103","item":"https:\/\/carpathiacenter.ro\/"},{"@type":"ListItem","position":2,"name":"Politic\u0103 de Confiden\u021bialitate"}]},{"@type":"WebSite","@id":"https:\/\/carpathiacenter.ro\/#website","url":"https:\/\/carpathiacenter.ro\/","name":"Carpathia Center Romania","description":"Impossible made possible!","publisher":{"@id":"https:\/\/carpathiacenter.ro\/#organization"},"potentialAction":[{"@type":"SearchAction","target":{"@type":"EntryPoint","urlTemplate":"https:\/\/carpathiacenter.ro\/?s={search_term_string}"},"query-input":{"@type":"PropertyValueSpecification","valueRequired":true,"valueName":"search_term_string"}}],"inLanguage":"en-GB"},{"@type":"Organization","@id":"https:\/\/carpathiacenter.ro\/#organization","name":"Carpathia Center Romania","url":"https:\/\/carpathiacenter.ro\/","logo":{"@type":"ImageObject","inLanguage":"en-GB","@id":"https:\/\/carpathiacenter.ro\/#\/schema\/logo\/image\/","url":"https:\/\/carpathiacenter.ro\/wp-content\/uploads\/2024\/07\/logo-carpathia_bg_white-1024x941.png","contentUrl":"https:\/\/carpathiacenter.ro\/wp-content\/uploads\/2024\/07\/logo-carpathia_bg_white-1024x941.png","width":1024,"height":941,"caption":"Carpathia Center Romania"},"image":{"@id":"https:\/\/carpathiacenter.ro\/#\/schema\/logo\/image\/"},"sameAs":["https:\/\/www.facebook.com\/fdpscarpathia\/"]}]}},"_links":{"self":[{"href":"https:\/\/carpathiacenter.ro\/en\/wp-json\/wp\/v2\/pages\/781","targetHints":{"allow":["GET"]}}],"collection":[{"href":"https:\/\/carpathiacenter.ro\/en\/wp-json\/wp\/v2\/pages"}],"about":[{"href":"https:\/\/carpathiacenter.ro\/en\/wp-json\/wp\/v2\/types\/page"}],"author":[{"embeddable":true,"href":"https:\/\/carpathiacenter.ro\/en\/wp-json\/wp\/v2\/users\/4"}],"replies":[{"embeddable":true,"href":"https:\/\/carpathiacenter.ro\/en\/wp-json\/wp\/v2\/comments?post=781"}],"version-history":[{"count":4,"href":"https:\/\/carpathiacenter.ro\/en\/wp-json\/wp\/v2\/pages\/781\/revisions"}],"predecessor-version":[{"id":787,"href":"https:\/\/carpathiacenter.ro\/en\/wp-json\/wp\/v2\/pages\/781\/revisions\/787"}],"wp:attachment":[{"href":"https:\/\/carpathiacenter.ro\/en\/wp-json\/wp\/v2\/media?parent=781"}],"curies":[{"name":"wp","href":"https:\/\/api.w.org\/{rel}","templated":true}]}}