{"id":465,"date":"2023-05-13T15:11:51","date_gmt":"2023-05-13T15:11:51","guid":{"rendered":"https:\/\/carpathiacenter.ro\/?page_id=465"},"modified":"2024-09-06T09:52:54","modified_gmt":"2024-09-06T09:52:54","slug":"departamente","status":"publish","type":"page","link":"https:\/\/carpathiacenter.ro\/en\/departamente\/","title":{"rendered":"Departments"},"content":{"rendered":"<section class=\"l-section wpb_row us_custom_72a6b028 height_custom color_primary with_shape\"><div class=\"l-section-shape type_triangle-2 pos_bottom\" style=\"height:6vh;\"><svg xmlns=\"http:\/\/www.w3.org\/2000\/svg\" viewbox=\"0 0 64 8\" preserveaspectratio=\"none\" width=\"100%\" height=\"100%\">\r\n\t<path fill=\"currentColor\" d=\"M64 8 L0 8 L0 0 L48 7.9 L64 0 Z\"\/>\r\n<\/svg><\/div><div class=\"l-section-h i-cf\"><div class=\"g-cols vc_row via_grid cols_1 laptops-cols_inherit tablets-cols_1 mobiles-cols_1 valign_top type_default stacking_default\" style=\"--gap:0rem;\"><div class=\"wpb_column vc_column_container\"><div class=\"vc_column-inner\"><h1 class=\"w-text us_custom_eb849559\"><span class=\"w-text-h\"><span class=\"w-text-value\">Departments<\/span><\/span><\/h1><\/div><\/div><\/div><\/div><\/section><section class=\"l-section wpb_row height_small\"><div class=\"l-section-h i-cf\"><div class=\"g-cols vc_row via_grid cols_3 laptops-cols_inherit tablets-cols_inherit mobiles-cols_1 valign_top type_default stacking_default\"><div class=\"wpb_column vc_column_container\"><div class=\"vc_column-inner\"><div class=\"w-flipbox animation_coveropen direction_n\"><div class=\"w-flipbox-h easing_ease\" style=\"transition-duration:0.5s;\"><div class=\"w-flipbox-hh\"><div class=\"w-flipbox-front\" style=\"background:var(--color-header-middle-bg);color:#ffffff;background-image:url(https:\/\/carpathiacenter.ro\/wp-content\/uploads\/2024\/07\/coordonanare-si-centralizare-oporunitati-de-afaceri.avif);\"><div class=\"w-flipbox-front-h\"><h3 class=\"w-flipbox-front-title\">Coordination and centralization of business opportunities<\/h3><\/div><\/div><div class=\"w-flipbox-back\" style=\"display:none;background:linear-gradient(90deg,#123c4c,#000000);color:#ffffff;\"><div class=\"w-flipbox-back-h\"><div class=\"w-flipbox-back-desc\"><p>Centraliz\u0103m \u0219i coordon\u0103m oportunit\u0103\u021bile de afaceri, facilit\u00e2nd colabor\u0103rile \u0219i parteneriatele \u00eentre membrii federatiei, promov\u00e2nd inova\u021bia \u0219i competitivitatea.<\/p>\n<\/div><a href=\"https:\/\/carpathiacenter.ro\/en\/coordonare-si-centralizare-oportunitati-de-afaceri\/\" class=\"w-btn us-btn-style_1\"><span class=\"w-btn-label\">Learn more<\/span><\/a><\/div><\/div><\/div><\/div><\/div><\/div><\/div><div class=\"wpb_column vc_column_container\"><div class=\"vc_column-inner\"><div class=\"w-flipbox animation_coveropen direction_n\"><div class=\"w-flipbox-h easing_ease\" style=\"transition-duration:0.5s;\"><div class=\"w-flipbox-hh\"><div class=\"w-flipbox-front\" style=\"background:var(--color-header-middle-bg);color:#ffffff;background-image:url(https:\/\/carpathiacenter.ro\/wp-content\/uploads\/2024\/07\/highway-3392100_640.jpg);\"><div class=\"w-flipbox-front-h\"><h3 class=\"w-flipbox-front-title\">Infrastructure Transportation, Aeronautics, Civil Aviation, Schooling<\/h3><\/div><\/div><div class=\"w-flipbox-back\" style=\"display:none;background:linear-gradient(90deg,#123c4c,#000000);color:#ffffff;\"><div class=\"w-flipbox-back-h\"><div class=\"w-flipbox-back-desc\"><p>We build and manage essential infrastructure for economic development, providing safe and efficient transportation services, including in the aviation sector.<\/p>\n<\/div><a href=\"https:\/\/carpathiacenter.ro\/en\/infrasturctura-transport-aeronautica-aviatie-civila-scolarizari\/\" class=\"w-btn us-btn-style_1\"><span class=\"w-btn-label\">Learn more<\/span><\/a><\/div><\/div><\/div><\/div><\/div><\/div><\/div><div class=\"wpb_column vc_column_container\"><div class=\"vc_column-inner\"><div class=\"w-flipbox animation_coveropen direction_n\"><div class=\"w-flipbox-h easing_ease\" style=\"transition-duration:0.5s;\"><div class=\"w-flipbox-hh\"><div class=\"w-flipbox-front\" style=\"background:var(--color-header-middle-bg);color:#ffffff;background-image:url(https:\/\/carpathiacenter.ro\/wp-content\/uploads\/2024\/07\/back-school-generative-ai_10221-27992.jpg);\"><div class=\"w-flipbox-front-h\"><h3 class=\"w-flipbox-front-title\">Education, Tourism, Culture, Events<\/h3><\/div><\/div><div class=\"w-flipbox-back\" style=\"display:none;background:linear-gradient(90deg,#123c4c,#000000);color:#ffffff;\"><div class=\"w-flipbox-back-h\"><div class=\"w-flipbox-back-desc\"><p>We build and manage essential infrastructure for economic development, providing safe and efficient transportation services, including in the aviation sector.<\/p>\n<\/div><a href=\"https:\/\/carpathiacenter.ro\/en\/educatie-turism-cultura-evenimente-proiecte\/\" class=\"w-btn us-btn-style_1\"><span class=\"w-btn-label\">Learn more<\/span><\/a><\/div><\/div><\/div><\/div><\/div><\/div><\/div><\/div><\/div><\/section><section class=\"l-section wpb_row height_small\"><div class=\"l-section-h i-cf\"><div class=\"g-cols vc_row via_grid cols_3 laptops-cols_inherit tablets-cols_inherit mobiles-cols_1 valign_top type_default stacking_default\"><div class=\"wpb_column vc_column_container\"><div class=\"vc_column-inner\"><div class=\"w-flipbox animation_coveropen direction_n\"><div class=\"w-flipbox-h easing_ease\" style=\"transition-duration:0.5s;\"><div class=\"w-flipbox-hh\"><div class=\"w-flipbox-front\" style=\"background:var(--color-header-middle-bg);color:#ffffff;background-image:url(https:\/\/carpathiacenter.ro\/wp-content\/uploads\/2024\/07\/shipping-container-4245980_640.jpg);\"><div class=\"w-flipbox-front-h\"><h3 class=\"w-flipbox-front-title\">Foreign Trade, External Relations<\/h3><\/div><\/div><div class=\"w-flipbox-back\" style=\"display:none;background:linear-gradient(90deg,#123c4c,#000000);color:#ffffff;\"><div class=\"w-flipbox-back-h\"><div class=\"w-flipbox-back-desc\"><p>We facilitate access to international markets and promote external trade relations by supporting exports and imports and fostering sustainable partnerships.<\/p>\n<\/div><a href=\"https:\/\/carpathiacenter.ro\/en\/comert-exterior-relatii-comerciale-externe-import-export\/\" class=\"w-btn us-btn-style_1\"><span class=\"w-btn-label\">Learn more<\/span><\/a><\/div><\/div><\/div><\/div><\/div><\/div><\/div><div class=\"wpb_column vc_column_container\"><div class=\"vc_column-inner\"><div class=\"w-flipbox animation_coveropen direction_n\"><div class=\"w-flipbox-h easing_ease\" style=\"transition-duration:0.5s;\"><div class=\"w-flipbox-hh\"><div class=\"w-flipbox-front\" style=\"background:var(--color-header-middle-bg);color:#ffffff;background-image:url(https:\/\/carpathiacenter.ro\/wp-content\/uploads\/2024\/07\/money-2696219_640.jpg);\"><div class=\"w-flipbox-front-h\"><h3 class=\"w-flipbox-front-title\">Finance and Insurance<\/h3><\/div><\/div><div class=\"w-flipbox-back\" style=\"display:none;background:linear-gradient(90deg,#123c4c,#000000);color:#ffffff;\"><div class=\"w-flipbox-back-h\"><div class=\"w-flipbox-back-desc\"><p>We ensure efficient management of the federation's financial resources, facilitating investment and ensuring financial transparency and accountability.<\/p>\n<\/div><a href=\"https:\/\/carpathiacenter.ro\/en\/financiar\/\" class=\"w-btn us-btn-style_1\"><span class=\"w-btn-label\">Learn more<\/span><\/a><\/div><\/div><\/div><\/div><\/div><\/div><\/div><div class=\"wpb_column vc_column_container\"><div class=\"vc_column-inner\"><div class=\"w-flipbox animation_coveropen direction_n\"><div class=\"w-flipbox-h easing_ease\" style=\"transition-duration:0.5s;\"><div class=\"w-flipbox-hh\"><div class=\"w-flipbox-front\" style=\"background:var(--color-header-middle-bg);color:#ffffff;background-image:url(https:\/\/carpathiacenter.ro\/wp-content\/uploads\/2024\/07\/enrgie-verde-1024x767.jpg);\"><div class=\"w-flipbox-front-h\"><h3 class=\"w-flipbox-front-title\">Energy<\/h3><\/div><\/div><div class=\"w-flipbox-back\" style=\"display:none;background:linear-gradient(90deg,#123c4c,#000000);color:#ffffff;\"><div class=\"w-flipbox-back-h\"><div class=\"w-flipbox-back-desc\"><p>We are committed to promoting green energy and protecting the environment, managing natural resources and supporting conservation initiatives.<\/p>\n<\/div><a href=\"https:\/\/carpathiacenter.ro\/en\/energie-verde-protectia-mediului-apelor-si-padurii\/\" class=\"w-btn us-btn-style_1\"><span class=\"w-btn-label\">Learn more<\/span><\/a><\/div><\/div><\/div><\/div><\/div><\/div><\/div><\/div><\/div><\/section><section class=\"l-section wpb_row height_small\"><div class=\"l-section-h i-cf\"><div class=\"g-cols vc_row via_grid cols_3 laptops-cols_inherit tablets-cols_inherit mobiles-cols_1 valign_top type_default stacking_default\"><div class=\"wpb_column vc_column_container\"><div class=\"vc_column-inner\"><div class=\"w-flipbox animation_coveropen direction_n\"><div class=\"w-flipbox-h easing_ease\" style=\"transition-duration:0.5s;\"><div class=\"w-flipbox-hh\"><div class=\"w-flipbox-front\" style=\"background:var(--color-header-middle-bg);color:#ffffff;background-image:url(https:\/\/carpathiacenter.ro\/wp-content\/uploads\/2024\/07\/fonduri-europene.avif);\"><div class=\"w-flipbox-front-h\"><h3 class=\"w-flipbox-front-title\">European Funding<\/h3><\/div><\/div><div class=\"w-flipbox-back\" style=\"display:none;background:linear-gradient(90deg,#123c4c,#000000);color:#ffffff;\"><div class=\"w-flipbox-back-h\"><div class=\"w-flipbox-back-desc\"><p>We facilitate access to European funds and efficiently manage funded projects, promoting sustainable development and economic and social cohesion.<\/p>\n<\/div><a href=\"https:\/\/carpathiacenter.ro\/en\/fonduri-europene\/\" class=\"w-btn us-btn-style_1\"><span class=\"w-btn-label\">Learn more<\/span><\/a><\/div><\/div><\/div><\/div><\/div><\/div><\/div><div class=\"wpb_column vc_column_container\"><div class=\"vc_column-inner\"><div class=\"w-flipbox animation_coveropen direction_n\"><div class=\"w-flipbox-h easing_ease\" style=\"transition-duration:0.5s;\"><div class=\"w-flipbox-hh\"><div class=\"w-flipbox-front\" style=\"background:var(--color-header-middle-bg);color:#ffffff;background-image:url(https:\/\/carpathiacenter.ro\/wp-content\/uploads\/2024\/07\/servicii-de-securitate-integrata.avif);\"><div class=\"w-flipbox-front-h\"><h3 class=\"w-flipbox-front-title\">Integrated Security<\/h3><\/div><\/div><div class=\"w-flipbox-back\" style=\"display:none;background:linear-gradient(90deg,#123c4c,#000000);color:#ffffff;\"><div class=\"w-flipbox-back-h\"><div class=\"w-flipbox-back-desc\"><p>We ensure the protection and security of business and federation members by providing integrated solutions and specialized security consulting.<\/p>\n<\/div><a href=\"https:\/\/carpathiacenter.ro\/en\/servicii-de-securitate-integrata\/\" class=\"w-btn us-btn-style_1\"><span class=\"w-btn-label\">Learn more<\/span><\/a><\/div><\/div><\/div><\/div><\/div><\/div><\/div><div class=\"wpb_column vc_column_container\"><div class=\"vc_column-inner\"><div class=\"w-flipbox animation_coveropen direction_n\"><div class=\"w-flipbox-h easing_ease\" style=\"transition-duration:0.5s;\"><div class=\"w-flipbox-hh\"><div class=\"w-flipbox-front\" style=\"background:var(--color-header-middle-bg);color:#ffffff;background-image:url(https:\/\/carpathiacenter.ro\/wp-content\/uploads\/2024\/07\/hands-waving-flags-romania_53876-64888.avif);\"><div class=\"w-flipbox-front-h\"><h3 class=\"w-flipbox-front-title\">Romanian Diaspora Community<\/h3><\/div><\/div><div class=\"w-flipbox-back\" style=\"display:none;background:linear-gradient(90deg,#123c4c,#000000);color:#ffffff;\"><div class=\"w-flipbox-back-h\"><div class=\"w-flipbox-back-desc\"><p>We connect the diaspora with economic and cultural opportunities at home, facilitating the exchange of ideas and promoting collaborations between communities abroad and local business.<\/p>\n<\/div><a href=\"https:\/\/carpathiacenter.ro\/en\/comunitatea-romani-din-diaspora\/\" class=\"w-btn us-btn-style_1\"><span class=\"w-btn-label\">Learn more<\/span><\/a><\/div><\/div><\/div><\/div><\/div><\/div><\/div><\/div><\/div><\/section><section class=\"l-section wpb_row height_small\"><div class=\"l-section-h i-cf\"><div class=\"g-cols vc_row via_grid cols_3 laptops-cols_inherit tablets-cols_inherit mobiles-cols_1 valign_top type_default stacking_default\"><div class=\"wpb_column vc_column_container\"><div class=\"vc_column-inner\"><div class=\"w-flipbox animation_coveropen direction_n\"><div class=\"w-flipbox-h easing_ease\" style=\"transition-duration:0.5s;\"><div class=\"w-flipbox-hh\"><div class=\"w-flipbox-front\" style=\"background:var(--color-header-middle-bg);color:#ffffff;background-image:url(https:\/\/carpathiacenter.ro\/wp-content\/uploads\/2024\/08\/LO_Overcoming-Supply-Chain-Challenges-in-the-Beverage-Industry_1280x661-768x397-1.jpg);\"><div class=\"w-flipbox-front-h\"><h3 class=\"w-flipbox-front-title\">Beverage Industry<\/h3><\/div><\/div><div class=\"w-flipbox-back\" style=\"display:none;background:linear-gradient(90deg,#123c4c,#000000);color:#ffffff;\"><div class=\"w-flipbox-back-h\"><div class=\"w-flipbox-back-desc\"><p>We promote the development of the agriculture and food sector, ensuring food security and promoting quality local products.<\/p>\n<\/div><a href=\"https:\/\/carpathiacenter.ro\/en\/agricultura-si-alimentatie-publica\/\" class=\"w-btn us-btn-style_1\"><span class=\"w-btn-label\">Learn more<\/span><\/a><\/div><\/div><\/div><\/div><\/div><\/div><\/div><div class=\"wpb_column vc_column_container\"><div class=\"vc_column-inner\"><div class=\"w-flipbox animation_coveropen direction_n\"><div class=\"w-flipbox-h easing_ease\" style=\"transition-duration:0.5s;\"><div class=\"w-flipbox-hh\"><div class=\"w-flipbox-front\" style=\"background:#1a1a1a;color:#ffffff;background-image:url(https:\/\/carpathiacenter.ro\/wp-content\/uploads\/2024\/08\/public-food-procurement-and-services.jpg);\"><div class=\"w-flipbox-front-h\"><h4 class=\"w-flipbox-front-title\">Alimenta\u021bie public\u0103<\/h4><\/div><\/div><div class=\"w-flipbox-back\" style=\"display:none;background:linear-gradient(90deg,#123c4c,#000000);color:#ffffff;\"><div class=\"w-flipbox-back-h\"><div class=\"w-flipbox-back-desc\"><p>We innovate in information technology, developing IT solutions and products, promoting them online and facilitating digitization and digital transformation.<\/p>\n<\/div><a href=\"https:\/\/carpathiacenter.ro\/en\/it-dezvoltare-productie-publicitara-promovare-online\/\" class=\"w-btn us-btn-style_1\"><span class=\"w-btn-label\">Learn more<\/span><\/a><\/div><\/div><\/div><\/div><\/div><\/div><\/div><div class=\"wpb_column vc_column_container\"><div class=\"vc_column-inner\"><div class=\"w-flipbox animation_coveropen direction_n\"><div class=\"w-flipbox-h easing_ease\" style=\"transition-duration:0.5s;\"><div class=\"w-flipbox-hh\"><div class=\"w-flipbox-front\" style=\"background:#1a1a1a;color:#ffffff;background-image:url(https:\/\/carpathiacenter.ro\/wp-content\/uploads\/2024\/08\/whanganui-river_matthew-lovette-education-images-universal-images-group-getty-scaled-1-1024x683.jpg);\"><div class=\"w-flipbox-front-h\"><h3 class=\"w-flipbox-front-title\">Water and Forest Environmental Protection<\/h3><\/div><\/div><div class=\"w-flipbox-back\" style=\"display:none;background:linear-gradient(90deg,#123c4c,#000000);color:#ffffff;\"><div class=\"w-flipbox-back-h\"><div class=\"w-flipbox-back-desc\"><p>We innovate in information technology, developing IT solutions and products, promoting them online and facilitating digitization and digital transformation.<\/p>\n<\/div><a href=\"https:\/\/carpathiacenter.ro\/en\/it-dezvoltare-productie-publicitara-promovare-online\/\" class=\"w-btn us-btn-style_1\"><span class=\"w-btn-label\">Learn more<\/span><\/a><\/div><\/div><\/div><\/div><\/div><\/div><\/div><\/div><\/div><\/section>","protected":false},"excerpt":{"rendered":"DepartamenteCoordonare \u0219i centralizare oportunita\u021bi de afaceriCentraliz\u0103m \u0219i coordon\u0103m oportunit\u0103\u021bile de afaceri, facilit\u00e2nd colabor\u0103rile \u0219i parteneriatele \u00eentre membrii federatiei, promov\u00e2nd inova\u021bia \u0219i competitivitatea. Mai multeInfrastructur\u0103 Transport, Aeronautic\u0103, Avia\u021bie Civil\u0103, \u0218colariz\u0103riConstruim \u0219i gestion\u0103m infrastructura esen\u021bial\u0103 pentru dezvoltarea economic\u0103, asigur\u00e2nd servicii de transport sigure \u0219i eficiente, inclusiv \u00een sectorul aeronautic. Mai multeEduca\u021bie, Turism, Cultur\u0103, EvenimenteConstruim \u0219i gestion\u0103m infrastructura...","protected":false},"author":2,"featured_media":0,"parent":0,"menu_order":0,"comment_status":"closed","ping_status":"closed","template":"","meta":{"footnotes":""},"class_list":["post-465","page","type-page","status-publish","hentry"],"yoast_head":"<!-- This site is optimized with the Yoast SEO plugin v26.1.1 - https:\/\/yoast.com\/wordpress\/plugins\/seo\/ -->\n<title>Departamente - Carpathia Center Romania<\/title>\n<meta name=\"robots\" content=\"index, follow, max-snippet:-1, max-image-preview:large, max-video-preview:-1\" \/>\n<link rel=\"canonical\" href=\"https:\/\/carpathiacenter.ro\/en\/departamente\/\" \/>\n<meta property=\"og:locale\" content=\"en_GB\" \/>\n<meta property=\"og:type\" content=\"article\" \/>\n<meta property=\"og:title\" content=\"Departamente - Carpathia Center Romania\" \/>\n<meta property=\"og:url\" content=\"https:\/\/carpathiacenter.ro\/en\/departamente\/\" \/>\n<meta property=\"og:site_name\" content=\"Carpathia Center Romania\" \/>\n<meta property=\"article:publisher\" content=\"https:\/\/www.facebook.com\/fdpscarpathia\/\" \/>\n<meta property=\"article:modified_time\" content=\"2024-09-06T09:52:54+00:00\" \/>\n<meta name=\"twitter:card\" content=\"summary_large_image\" \/>\n<meta name=\"twitter:label1\" content=\"Estimated reading time\" \/>\n\t<meta name=\"twitter:data1\" content=\"6 minutes\" \/>\n<script type=\"application\/ld+json\" class=\"yoast-schema-graph\">{\"@context\":\"https:\/\/schema.org\",\"@graph\":[{\"@type\":\"WebPage\",\"@id\":\"https:\/\/carpathiacenter.ro\/departamente\/\",\"url\":\"https:\/\/carpathiacenter.ro\/departamente\/\",\"name\":\"Departamente - Carpathia Center Romania\",\"isPartOf\":{\"@id\":\"https:\/\/carpathiacenter.ro\/#website\"},\"datePublished\":\"2023-05-13T15:11:51+00:00\",\"dateModified\":\"2024-09-06T09:52:54+00:00\",\"breadcrumb\":{\"@id\":\"https:\/\/carpathiacenter.ro\/departamente\/#breadcrumb\"},\"inLanguage\":\"en-GB\",\"potentialAction\":[{\"@type\":\"ReadAction\",\"target\":[\"https:\/\/carpathiacenter.ro\/departamente\/\"]}]},{\"@type\":\"BreadcrumbList\",\"@id\":\"https:\/\/carpathiacenter.ro\/departamente\/#breadcrumb\",\"itemListElement\":[{\"@type\":\"ListItem\",\"position\":1,\"name\":\"Prima pagin\u0103\",\"item\":\"https:\/\/carpathiacenter.ro\/\"},{\"@type\":\"ListItem\",\"position\":2,\"name\":\"Departamente\"}]},{\"@type\":\"WebSite\",\"@id\":\"https:\/\/carpathiacenter.ro\/#website\",\"url\":\"https:\/\/carpathiacenter.ro\/\",\"name\":\"Carpathia Center Romania\",\"description\":\"Impossible made possible!\",\"publisher\":{\"@id\":\"https:\/\/carpathiacenter.ro\/#organization\"},\"potentialAction\":[{\"@type\":\"SearchAction\",\"target\":{\"@type\":\"EntryPoint\",\"urlTemplate\":\"https:\/\/carpathiacenter.ro\/?s={search_term_string}\"},\"query-input\":{\"@type\":\"PropertyValueSpecification\",\"valueRequired\":true,\"valueName\":\"search_term_string\"}}],\"inLanguage\":\"en-GB\"},{\"@type\":\"Organization\",\"@id\":\"https:\/\/carpathiacenter.ro\/#organization\",\"name\":\"Carpathia Center Romania\",\"url\":\"https:\/\/carpathiacenter.ro\/\",\"logo\":{\"@type\":\"ImageObject\",\"inLanguage\":\"en-GB\",\"@id\":\"https:\/\/carpathiacenter.ro\/#\/schema\/logo\/image\/\",\"url\":\"https:\/\/carpathiacenter.ro\/wp-content\/uploads\/2024\/07\/logo-carpathia_bg_white-1024x941.png\",\"contentUrl\":\"https:\/\/carpathiacenter.ro\/wp-content\/uploads\/2024\/07\/logo-carpathia_bg_white-1024x941.png\",\"width\":1024,\"height\":941,\"caption\":\"Carpathia Center Romania\"},\"image\":{\"@id\":\"https:\/\/carpathiacenter.ro\/#\/schema\/logo\/image\/\"},\"sameAs\":[\"https:\/\/www.facebook.com\/fdpscarpathia\/\"]}]}<\/script>\n<!-- \/ Yoast SEO plugin. -->","yoast_head_json":{"title":"Departamente - Carpathia Center Romania","robots":{"index":"index","follow":"follow","max-snippet":"max-snippet:-1","max-image-preview":"max-image-preview:large","max-video-preview":"max-video-preview:-1"},"canonical":"https:\/\/carpathiacenter.ro\/en\/departamente\/","og_locale":"en_GB","og_type":"article","og_title":"Departamente - Carpathia Center Romania","og_url":"https:\/\/carpathiacenter.ro\/en\/departamente\/","og_site_name":"Carpathia Center Romania","article_publisher":"https:\/\/www.facebook.com\/fdpscarpathia\/","article_modified_time":"2024-09-06T09:52:54+00:00","twitter_card":"summary_large_image","twitter_misc":{"Estimated reading time":"6 minutes"},"schema":{"@context":"https:\/\/schema.org","@graph":[{"@type":"WebPage","@id":"https:\/\/carpathiacenter.ro\/departamente\/","url":"https:\/\/carpathiacenter.ro\/departamente\/","name":"Departamente - Carpathia Center Romania","isPartOf":{"@id":"https:\/\/carpathiacenter.ro\/#website"},"datePublished":"2023-05-13T15:11:51+00:00","dateModified":"2024-09-06T09:52:54+00:00","breadcrumb":{"@id":"https:\/\/carpathiacenter.ro\/departamente\/#breadcrumb"},"inLanguage":"en-GB","potentialAction":[{"@type":"ReadAction","target":["https:\/\/carpathiacenter.ro\/departamente\/"]}]},{"@type":"BreadcrumbList","@id":"https:\/\/carpathiacenter.ro\/departamente\/#breadcrumb","itemListElement":[{"@type":"ListItem","position":1,"name":"Prima pagin\u0103","item":"https:\/\/carpathiacenter.ro\/"},{"@type":"ListItem","position":2,"name":"Departamente"}]},{"@type":"WebSite","@id":"https:\/\/carpathiacenter.ro\/#website","url":"https:\/\/carpathiacenter.ro\/","name":"Carpathia Center Romania","description":"Impossible made possible!","publisher":{"@id":"https:\/\/carpathiacenter.ro\/#organization"},"potentialAction":[{"@type":"SearchAction","target":{"@type":"EntryPoint","urlTemplate":"https:\/\/carpathiacenter.ro\/?s={search_term_string}"},"query-input":{"@type":"PropertyValueSpecification","valueRequired":true,"valueName":"search_term_string"}}],"inLanguage":"en-GB"},{"@type":"Organization","@id":"https:\/\/carpathiacenter.ro\/#organization","name":"Carpathia Center Romania","url":"https:\/\/carpathiacenter.ro\/","logo":{"@type":"ImageObject","inLanguage":"en-GB","@id":"https:\/\/carpathiacenter.ro\/#\/schema\/logo\/image\/","url":"https:\/\/carpathiacenter.ro\/wp-content\/uploads\/2024\/07\/logo-carpathia_bg_white-1024x941.png","contentUrl":"https:\/\/carpathiacenter.ro\/wp-content\/uploads\/2024\/07\/logo-carpathia_bg_white-1024x941.png","width":1024,"height":941,"caption":"Carpathia Center Romania"},"image":{"@id":"https:\/\/carpathiacenter.ro\/#\/schema\/logo\/image\/"},"sameAs":["https:\/\/www.facebook.com\/fdpscarpathia\/"]}]}},"_links":{"self":[{"href":"https:\/\/carpathiacenter.ro\/en\/wp-json\/wp\/v2\/pages\/465","targetHints":{"allow":["GET"]}}],"collection":[{"href":"https:\/\/carpathiacenter.ro\/en\/wp-json\/wp\/v2\/pages"}],"about":[{"href":"https:\/\/carpathiacenter.ro\/en\/wp-json\/wp\/v2\/types\/page"}],"author":[{"embeddable":true,"href":"https:\/\/carpathiacenter.ro\/en\/wp-json\/wp\/v2\/users\/2"}],"replies":[{"embeddable":true,"href":"https:\/\/carpathiacenter.ro\/en\/wp-json\/wp\/v2\/comments?post=465"}],"version-history":[{"count":20,"href":"https:\/\/carpathiacenter.ro\/en\/wp-json\/wp\/v2\/pages\/465\/revisions"}],"predecessor-version":[{"id":1214,"href":"https:\/\/carpathiacenter.ro\/en\/wp-json\/wp\/v2\/pages\/465\/revisions\/1214"}],"wp:attachment":[{"href":"https:\/\/carpathiacenter.ro\/en\/wp-json\/wp\/v2\/media?parent=465"}],"curies":[{"name":"wp","href":"https:\/\/api.w.org\/{rel}","templated":true}]}}